{"id":195,"date":"2025-09-24T13:16:25","date_gmt":"2025-09-24T13:16:25","guid":{"rendered":"https:\/\/suritadigital.com.br\/santarita\/?page_id=195"},"modified":"2025-11-13T13:48:46","modified_gmt":"2025-11-13T13:48:46","slug":"servicos","status":"publish","type":"page","link":"https:\/\/santaritafretamento.com.br\/wp\/servicos\/","title":{"rendered":"Servi\u00e7os"},"content":{"rendered":"\t\t<div data-elementor-type=\"wp-page\" data-elementor-id=\"195\" class=\"elementor elementor-195\" data-elementor-post-type=\"page\">\n\t\t\t\t<div class=\"elementor-element elementor-element-71ce9c5b e-flex e-con-boxed wpr-particle-no wpr-jarallax-no wpr-parallax-no wpr-sticky-section-no e-con e-parent\" data-id=\"71ce9c5b\" data-element_type=\"container\" data-settings=\"{&quot;background_background&quot;:&quot;classic&quot;}\">\n\t\t\t\t\t<div class=\"e-con-inner\">\n\t\t\t\t<div class=\"elementor-element elementor-element-44ee8fae elementor-widget elementor-widget-text-editor\" data-id=\"44ee8fae\" data-element_type=\"widget\" data-widget_type=\"text-editor.default\">\n\t\t\t\t\t\t\t\t\t<p>Nossos Servi\u00e7os |\u00a0 <strong>Santa Rita\u00a0<\/strong><\/p>\t\t\t\t\t\t\t\t<\/div>\n\t\t\t\t\t<\/div>\n\t\t\t\t<\/div>\n\t\t<div class=\"elementor-element elementor-element-7f49255 e-flex e-con-boxed wpr-particle-no wpr-jarallax-no wpr-parallax-no wpr-sticky-section-no e-con e-parent\" data-id=\"7f49255\" data-element_type=\"container\">\n\t\t\t\t\t<div class=\"e-con-inner\">\n\t\t<div class=\"elementor-element elementor-element-e94258f e-con-full e-flex wpr-particle-no wpr-jarallax-no wpr-parallax-no wpr-sticky-section-no e-con e-child\" data-id=\"e94258f\" data-element_type=\"container\">\n\t\t\t\t<div class=\"elementor-element elementor-element-20b7216 elementor-widget elementor-widget-image\" data-id=\"20b7216\" data-element_type=\"widget\" data-widget_type=\"image.default\">\n\t\t\t\t\t\t\t\t\t\t\t\t\t\t\t<img decoding=\"async\" src=\"https:\/\/santaritafretamento.com.br\/wp\/wp-content\/uploads\/2025\/10\/transporte-corporativo.png\" title=\"\" alt=\"\" loading=\"lazy\" \/>\t\t\t\t\t\t\t\t\t\t\t\t\t\t\t<\/div>\n\t\t\t\t<div class=\"elementor-element elementor-element-f365167 elementor-widget elementor-widget-text-editor\" data-id=\"f365167\" data-element_type=\"widget\" data-widget_type=\"text-editor.default\">\n\t\t\t\t\t\t\t\t\t<p>\ud83d\ude90 Transporte Corporativo<\/p>\t\t\t\t\t\t\t\t<\/div>\n\t\t\t\t<div class=\"elementor-element elementor-element-101e938 elementor-widget elementor-widget-text-editor\" data-id=\"101e938\" data-element_type=\"widget\" data-widget_type=\"text-editor.default\">\n\t\t\t\t\t\t\t\t\t<p>Quem valoriza o tempo e o conforto sabe que a Santa Rita \u00e9 sin\u00f4nimo de confian\u00e7a.<br data-start=\"2213\" data-end=\"2216\" \/>Nossos ve\u00edculos modernos e equipe atenciosa garantem que cada trajeto seja feito com seguran\u00e7a, pontualidade e o m\u00e1ximo de conforto.<br \/><br data-start=\"2348\" data-end=\"2351\" \/>\u27a1 <strong data-start=\"2353\" data-end=\"2400\">Entre em contato e viaje com tranquilidade.<\/strong><\/p>\t\t\t\t\t\t\t\t<\/div>\n\t\t\t\t<\/div>\n\t\t<div class=\"elementor-element elementor-element-b80d72b e-con-full e-flex wpr-particle-no wpr-jarallax-no wpr-parallax-no wpr-sticky-section-no e-con e-child\" data-id=\"b80d72b\" data-element_type=\"container\">\n\t\t\t\t<div class=\"elementor-element elementor-element-064c955 elementor-widget elementor-widget-image\" data-id=\"064c955\" data-element_type=\"widget\" data-widget_type=\"image.default\">\n\t\t\t\t\t\t\t\t\t\t\t\t\t\t\t<img fetchpriority=\"high\" decoding=\"async\" width=\"401\" height=\"351\" src=\"https:\/\/santaritafretamento.com.br\/wp\/wp-content\/uploads\/2025\/10\/turismo_excursoes.png\" class=\"attachment-large size-large wp-image-459\" alt=\"\" srcset=\"https:\/\/santaritafretamento.com.br\/wp\/wp-content\/uploads\/2025\/10\/turismo_excursoes.png 401w, https:\/\/santaritafretamento.com.br\/wp\/wp-content\/uploads\/2025\/10\/turismo_excursoes-300x263.png 300w\" sizes=\"(max-width: 401px) 100vw, 401px\" \/>\t\t\t\t\t\t\t\t\t\t\t\t\t\t\t<\/div>\n\t\t\t\t<div class=\"elementor-element elementor-element-b658fe1 elementor-widget elementor-widget-text-editor\" data-id=\"b658fe1\" data-element_type=\"widget\" data-widget_type=\"text-editor.default\">\n\t\t\t\t\t\t\t\t\t<p>\ud83c\udf0e Excurs\u00f5es e Turismo \u2014 Fretamento para viagens<\/p>\t\t\t\t\t\t\t\t<\/div>\n\t\t\t\t<div class=\"elementor-element elementor-element-cc6090f elementor-widget elementor-widget-text-editor\" data-id=\"cc6090f\" data-element_type=\"widget\" data-widget_type=\"text-editor.default\">\n\t\t\t\t\t\t\t\t\t<p data-start=\"360\" data-end=\"433\">Viajar \u00e9 colecionar hist\u00f3rias \u2014 e a Santa Rita quer fazer parte das suas.<\/p><p data-start=\"435\" data-end=\"605\">Realizamos <strong data-start=\"446\" data-end=\"484\">fretamento para viagens de turismo<\/strong>: excurs\u00f5es e passeios para os melhores destinos, com acompanhamento completo, conforto e todo o cuidado que voc\u00ea merece.<\/p><p data-start=\"607\" data-end=\"645\">\u27a1\ufe0f <strong>Descubra novos lugares com a gente!<\/strong><\/p>\t\t\t\t\t\t\t\t<\/div>\n\t\t\t\t<\/div>\n\t\t<div class=\"elementor-element elementor-element-e269ebc e-con-full e-flex wpr-particle-no wpr-jarallax-no wpr-parallax-no wpr-sticky-section-no e-con e-child\" data-id=\"e269ebc\" data-element_type=\"container\">\n\t\t\t\t<div class=\"elementor-element elementor-element-bd83792 elementor-widget elementor-widget-image\" data-id=\"bd83792\" data-element_type=\"widget\" data-widget_type=\"image.default\">\n\t\t\t\t\t\t\t\t\t\t\t\t\t\t\t<img decoding=\"async\" width=\"400\" height=\"350\" src=\"https:\/\/santaritafretamento.com.br\/wp\/wp-content\/uploads\/2025\/10\/frota02.png\" class=\"attachment-large size-large wp-image-665\" alt=\"\" srcset=\"https:\/\/santaritafretamento.com.br\/wp\/wp-content\/uploads\/2025\/10\/frota02.png 400w, https:\/\/santaritafretamento.com.br\/wp\/wp-content\/uploads\/2025\/10\/frota02-300x263.png 300w\" sizes=\"(max-width: 400px) 100vw, 400px\" \/>\t\t\t\t\t\t\t\t\t\t\t\t\t\t\t<\/div>\n\t\t\t\t<div class=\"elementor-element elementor-element-0534e2b elementor-widget elementor-widget-text-editor\" data-id=\"0534e2b\" data-element_type=\"widget\" data-widget_type=\"text-editor.default\">\n\t\t\t\t\t\t\t\t\t<p>\ud83d\ude8c Traslados e Eventos<\/p>\t\t\t\t\t\t\t\t<\/div>\n\t\t\t\t<div class=\"elementor-element elementor-element-e8a9e6a elementor-widget elementor-widget-text-editor\" data-id=\"e8a9e6a\" data-element_type=\"widget\" data-widget_type=\"text-editor.default\">\n\t\t\t\t\t\t\t\t\t<p>Para eventos que exigem log\u00edstica impec\u00e1vel, conte com a experi\u00eancia da Santa Rita.<br data-start=\"2796\" data-end=\"2799\" \/>Nossa frota est\u00e1 pronta para atender shows, feiras e congressos, garantindo que todos cheguem no hor\u00e1rio e com seguran\u00e7a.<br \/><br data-start=\"2920\" data-end=\"2923\" \/>\u27a1 <strong data-start=\"2925\" data-end=\"2976\">Solicite seu traslado e viaje sem preocupa\u00e7\u00f5es.<\/strong><\/p>\t\t\t\t\t\t\t\t<\/div>\n\t\t\t\t<\/div>\n\t\t\t\t\t<\/div>\n\t\t\t\t<\/div>\n\t\t<div class=\"elementor-element elementor-element-2704bc3d e-flex e-con-boxed wpr-particle-no wpr-jarallax-no wpr-parallax-no wpr-sticky-section-no e-con e-parent\" data-id=\"2704bc3d\" data-element_type=\"container\" data-settings=\"{&quot;background_background&quot;:&quot;classic&quot;}\">\n\t\t\t\t\t<div class=\"e-con-inner\">\n\t\t\t\t<div class=\"elementor-element elementor-element-157e947e elementor-widget elementor-widget-text-editor\" data-id=\"157e947e\" data-element_type=\"widget\" data-widget_type=\"text-editor.default\">\n\t\t\t\t\t\t\t\t\t<p>Cada viagem \u00e9 mais do que transporte, \u00e9 a hist\u00f3ria de confian\u00e7a que constru\u00edmos na estrada.<\/p>\t\t\t\t\t\t\t\t<\/div>\n\t\t\t\t<div class=\"elementor-element elementor-element-24fb8281 elementor-widget elementor-widget-text-editor\" data-id=\"24fb8281\" data-element_type=\"widget\" data-widget_type=\"text-editor.default\">\n\t\t\t\t\t\t\t\t\t<p>H\u00e1 mais de 50 anos, a <strong>Santa Rita<\/strong>\u00a0transforma trajetos em experi\u00eancias seguras, confort\u00e1veis e inesquec\u00edveis.<\/p>\t\t\t\t\t\t\t\t<\/div>\n\t\t\t\t\t<\/div>\n\t\t\t\t<\/div>\n\t\t<div class=\"elementor-element elementor-element-37cd32b4 e-flex e-con-boxed wpr-particle-no wpr-jarallax-no wpr-parallax-no wpr-sticky-section-no e-con e-parent\" data-id=\"37cd32b4\" data-element_type=\"container\">\n\t\t\t\t\t<div class=\"e-con-inner\">\n\t\t\t\t<div class=\"elementor-element elementor-element-7f9992fe elementor-widget elementor-widget-text-editor\" data-id=\"7f9992fe\" data-element_type=\"widget\" data-widget_type=\"text-editor.default\">\n\t\t\t\t\t\t\t\t\t<p>Entre em contato conosco, <strong>solicite um or\u00e7amento<\/strong> sem compromisso<\/p>\t\t\t\t\t\t\t\t<\/div>\n\t\t\t\t<div class=\"elementor-element elementor-element-42addcee elementor-align-center elementor-widget elementor-widget-button\" data-id=\"42addcee\" data-element_type=\"widget\" data-widget_type=\"button.default\">\n\t\t\t\t\t\t\t\t\t\t<a class=\"elementor-button elementor-button-link elementor-size-sm\" href=\"http:\/\/wa.me\/5511915693660\">\n\t\t\t\t\t\t<span class=\"elementor-button-content-wrapper\">\n\t\t\t\t\t\t\t\t\t<span class=\"elementor-button-text\">Falar com nossa equipe<\/span>\n\t\t\t\t\t<\/span>\n\t\t\t\t\t<\/a>\n\t\t\t\t\t\t\t\t<\/div>\n\t\t\t\t\t<\/div>\n\t\t\t\t<\/div>\n\t\t<div class=\"elementor-element elementor-element-970fbb7 e-flex e-con-boxed wpr-particle-no wpr-jarallax-no wpr-parallax-no wpr-sticky-section-no e-con e-parent\" data-id=\"970fbb7\" data-element_type=\"container\">\n\t\t\t\t\t<div class=\"e-con-inner\">\n\t\t\t\t\t<\/div>\n\t\t\t\t<\/div>\n\t\t\t\t<\/div>\n\t\t","protected":false},"excerpt":{"rendered":"<p>Nossos Servi\u00e7os |\u00a0 Santa Rita\u00a0 \ud83d\ude90 Transporte Corporativo Quem valoriza o tempo e o conforto sabe que a Santa Rita \u00e9 sin\u00f4nimo de confian\u00e7a.Nossos ve\u00edculos modernos e equipe atenciosa garantem que cada trajeto seja feito com seguran\u00e7a, pontualidade e o m\u00e1ximo de conforto.\u27a1 Entre em contato e viaje com tranquilidade. \ud83c\udf0e Excurs\u00f5es e Turismo \u2014 Fretamento para viagens Viajar \u00e9 colecionar hist\u00f3rias \u2014 e a Santa Rita quer fazer parte das suas. Realizamos fretamento para viagens de turismo: excurs\u00f5es e passeios para os melhores destinos, com acompanhamento completo, conforto e todo o cuidado que voc\u00ea merece. \u27a1\ufe0f Descubra novos lugares com a gente! \ud83d\ude8c Traslados e Eventos Para eventos que exigem log\u00edstica impec\u00e1vel, conte com a experi\u00eancia da Santa Rita.Nossa frota est\u00e1 pronta para atender shows, feiras e congressos, garantindo que todos cheguem no hor\u00e1rio e com seguran\u00e7a.\u27a1 Solicite seu traslado e viaje sem preocupa\u00e7\u00f5es. Cada viagem \u00e9 mais do que transporte, \u00e9 a hist\u00f3ria de confian\u00e7a que constru\u00edmos na estrada. H\u00e1 mais de 50 anos, a Santa Rita\u00a0transforma trajetos em experi\u00eancias seguras, confort\u00e1veis e inesquec\u00edveis. Entre em contato conosco, solicite um or\u00e7amento sem compromisso Falar com nossa equipe<\/p>\n","protected":false},"author":1,"featured_media":0,"parent":0,"menu_order":0,"comment_status":"closed","ping_status":"closed","template":"","meta":{"footnotes":""},"class_list":["post-195","page","type-page","status-publish","hentry"],"_links":{"self":[{"href":"https:\/\/santaritafretamento.com.br\/wp\/wp-json\/wp\/v2\/pages\/195","targetHints":{"allow":["GET"]}}],"collection":[{"href":"https:\/\/santaritafretamento.com.br\/wp\/wp-json\/wp\/v2\/pages"}],"about":[{"href":"https:\/\/santaritafretamento.com.br\/wp\/wp-json\/wp\/v2\/types\/page"}],"author":[{"embeddable":true,"href":"https:\/\/santaritafretamento.com.br\/wp\/wp-json\/wp\/v2\/users\/1"}],"replies":[{"embeddable":true,"href":"https:\/\/santaritafretamento.com.br\/wp\/wp-json\/wp\/v2\/comments?post=195"}],"version-history":[{"count":88,"href":"https:\/\/santaritafretamento.com.br\/wp\/wp-json\/wp\/v2\/pages\/195\/revisions"}],"predecessor-version":[{"id":747,"href":"https:\/\/santaritafretamento.com.br\/wp\/wp-json\/wp\/v2\/pages\/195\/revisions\/747"}],"wp:attachment":[{"href":"https:\/\/santaritafretamento.com.br\/wp\/wp-json\/wp\/v2\/media?parent=195"}],"curies":[{"name":"wp","href":"https:\/\/api.w.org\/{rel}","templated":true}]}}