{"id":263,"date":"2025-09-25T11:47:25","date_gmt":"2025-09-25T11:47:25","guid":{"rendered":"https:\/\/ilustracom.com.br\/santaritaturismo\/?page_id=263"},"modified":"2025-10-05T20:12:29","modified_gmt":"2025-10-05T20:12:29","slug":"blog","status":"publish","type":"page","link":"https:\/\/santaritafretamento.com.br\/wp\/blog\/","title":{"rendered":"Blog"},"content":{"rendered":"\t\t<div data-elementor-type=\"wp-page\" data-elementor-id=\"263\" class=\"elementor elementor-263\" data-elementor-post-type=\"page\">\n\t\t\t\t<div class=\"elementor-element elementor-element-b2b288b e-flex e-con-boxed wpr-particle-no wpr-jarallax-no wpr-parallax-no wpr-sticky-section-no e-con e-parent\" data-id=\"b2b288b\" data-element_type=\"container\" data-settings=\"{&quot;background_background&quot;:&quot;classic&quot;}\">\n\t\t\t\t\t<div class=\"e-con-inner\">\n\t\t\t\t<div class=\"elementor-element elementor-element-2dc028f elementor-icon-list--layout-inline elementor-align-center elementor-list-item-link-full_width elementor-widget elementor-widget-icon-list\" data-id=\"2dc028f\" data-element_type=\"widget\" data-widget_type=\"icon-list.default\">\n\t\t\t\t\t\t\t<ul class=\"elementor-icon-list-items elementor-inline-items\">\n\t\t\t\t\t\t\t<li class=\"elementor-icon-list-item elementor-inline-item\">\n\t\t\t\t\t\t\t\t\t\t\t<span class=\"elementor-icon-list-icon\">\n\t\t\t\t\t\t\t<svg aria-hidden=\"true\" class=\"e-font-icon-svg e-fas-arrow-alt-circle-left\" viewBox=\"0 0 512 512\" xmlns=\"http:\/\/www.w3.org\/2000\/svg\"><path d=\"M256 504C119 504 8 393 8 256S119 8 256 8s248 111 248 248-111 248-248 248zm116-292H256v-70.9c0-10.7-13-16.1-20.5-8.5L121.2 247.5c-4.7 4.7-4.7 12.2 0 16.9l114.3 114.9c7.6 7.6 20.5 2.2 20.5-8.5V300h116c6.6 0 12-5.4 12-12v-64c0-6.6-5.4-12-12-12z\"><\/path><\/svg>\t\t\t\t\t\t<\/span>\n\t\t\t\t\t\t\t\t\t\t<span class=\"elementor-icon-list-text\">Voltar para a p\u00e1gina inicial<\/span>\n\t\t\t\t\t\t\t\t\t<\/li>\n\t\t\t\t\t\t\t\t<li class=\"elementor-icon-list-item elementor-inline-item\">\n\t\t\t\t\t\t\t\t\t\t\t<span class=\"elementor-icon-list-icon\">\n\t\t\t\t\t\t\t<svg aria-hidden=\"true\" class=\"e-font-icon-svg e-fas-arrow-alt-circle-right\" viewBox=\"0 0 512 512\" xmlns=\"http:\/\/www.w3.org\/2000\/svg\"><path d=\"M256 8c137 0 248 111 248 248S393 504 256 504 8 393 8 256 119 8 256 8zM140 300h116v70.9c0 10.7 13 16.1 20.5 8.5l114.3-114.9c4.7-4.7 4.7-12.2 0-16.9l-114.3-115c-7.6-7.6-20.5-2.2-20.5 8.5V212H140c-6.6 0-12 5.4-12 12v64c0 6.6 5.4 12 12 12z\"><\/path><\/svg>\t\t\t\t\t\t<\/span>\n\t\t\t\t\t\t\t\t\t\t<span class=\"elementor-icon-list-text\">Pr\u00f3ximo artigo<\/span>\n\t\t\t\t\t\t\t\t\t<\/li>\n\t\t\t\t\t\t<\/ul>\n\t\t\t\t\t\t<\/div>\n\t\t\t\t<div class=\"elementor-element elementor-element-ae14ac9 elementor-widget elementor-widget-text-editor\" data-id=\"ae14ac9\" data-element_type=\"widget\" data-widget_type=\"text-editor.default\">\n\t\t\t\t\t\t\t\t\t<p>Blog | Santa Rita\u00a0<\/p>\t\t\t\t\t\t\t\t<\/div>\n\t\t\t\t<div class=\"elementor-element elementor-element-9ab4116 elementor-widget elementor-widget-text-editor\" data-id=\"9ab4116\" data-element_type=\"widget\" data-widget_type=\"text-editor.default\">\n\t\t\t\t\t\t\t\t\t<p>Conhe\u00e7a a Hist\u00f3ria da Turismo Santa Rita\u00a0<\/p>\t\t\t\t\t\t\t\t<\/div>\n\t\t\t\t<div class=\"elementor-element elementor-element-48018a4 elementor-widget elementor-widget-text-editor\" data-id=\"48018a4\" data-element_type=\"widget\" data-widget_type=\"text-editor.default\">\n\t\t\t\t\t\t\t\t\t<p>Data: 25\/09\/2025<\/p>\t\t\t\t\t\t\t\t<\/div>\n\t\t\t\t\t<\/div>\n\t\t\t\t<\/div>\n\t\t<div class=\"elementor-element elementor-element-2d2f6fa e-flex e-con-boxed wpr-particle-no wpr-jarallax-no wpr-parallax-no wpr-sticky-section-no e-con e-parent\" data-id=\"2d2f6fa\" data-element_type=\"container\">\n\t\t\t\t\t<div class=\"e-con-inner\">\n\t\t<div class=\"elementor-element elementor-element-24cdec2 e-con-full e-flex wpr-particle-no wpr-jarallax-no wpr-parallax-no wpr-sticky-section-no e-con e-child\" data-id=\"24cdec2\" data-element_type=\"container\">\n\t\t\t\t<\/div>\n\t\t<div class=\"elementor-element elementor-element-8addfef e-con-full e-flex wpr-particle-no wpr-jarallax-no wpr-parallax-no wpr-sticky-section-no e-con e-child\" data-id=\"8addfef\" data-element_type=\"container\">\n\t\t\t\t<div class=\"elementor-element elementor-element-327aab3 elementor-widget elementor-widget-text-editor\" data-id=\"327aab3\" data-element_type=\"widget\" data-widget_type=\"text-editor.default\">\n\t\t\t\t\t\t\t\t\t<p>A Turismo Santa Rita Ltda. \u00e9 uma empresa tradicional no segmento de transporte de passageiros, especializando-se em fretamento, turismo e loca\u00e7\u00e3o de \u00f4nibus e vans. Sua trajet\u00f3ria atravessa d\u00e9cadas e reflete uma hist\u00f3ria de paix\u00e3o pelo transporte e comprometimento com o conforto e seguran\u00e7a dos clientes.<\/p><p><br \/><strong>Origens e Funda\u00e7\u00e3o<br \/><\/strong>A hist\u00f3ria da empresa remonta \u00e0 d\u00e9cada de 1960. O fundador, Jer\u00f4nimo Ardito, era filho de um feirante e, desde cedo, ajudava o pai em atividades simples. Aos 18 anos, decidiu tomar seu pr\u00f3prio rumo no mundo dos transportes \u2014 come\u00e7ou operando um t\u00e1xi, mas logo aspirou algo maior.\u00a0<\/p><p><br \/>Em abril de 1963, Jer\u00f4nimo adquiriu seu primeiro \u00f4nibus \u2014 um ve\u00edculo antigo, ainda de estilo \u201cjardineira\u201d. Sem experi\u00eancia, ele embarcou no desafio de ter seu pr\u00f3prio neg\u00f3cio de transporte.\u00a0<\/p><p><br \/>Com o tempo, acrescentou um segundo ve\u00edculo \u2014 um \u00f4nibus GMC de 1954, com motor embutido \u2014 que viria a ser um marco simb\u00f3lico da empresa. Em 1968, a empresa foi oficialmente registrada com o nome Turismo Santa Rita Ltda., em homenagem \u00e0 devo\u00e7\u00e3o dos fundadores por Santa Rita de C\u00e1ssia. (Instagram)<br \/><br \/><strong>Desenvolvimento e Consolida\u00e7\u00e3o<\/strong><br \/>Nos primeiros anos, Jer\u00f4nimo acumulava v\u00e1rias fun\u00e7\u00f5es: dirigir, administrar, limpar os ve\u00edculos, fazer manuten\u00e7\u00e3o \u2014 tudo para garantir que o servi\u00e7o n\u00e3o parasse. Ele come\u00e7ou operando contratos de fretamento cont\u00ednuo para ind\u00fastrias, transportando funcion\u00e1rios entre localidades da regi\u00e3o metropolitana de S\u00e3o Paulo.\u00a0\u00a0Com o crescimento progressivo, a empresa investiu em mais \u00f4nibus reservas, evoluiu a frota, e ampliou sua atua\u00e7\u00e3o para fretamentos eventuais, tur\u00edsticos, corporativos e para grupos de viaje.\u00a0<\/p><p><br \/>Em 2013, a Turismo Santa Rita celebrou 50 anos de atividades. Em artigo nesse ano, o fundador Jer\u00f4nimo ressaltou que o diferencial sempre foi \u201ccolocar o bem-estar do passageiro em primeiro lugar\u201d e que \u201ctransportar pessoas \u00e9 um ato de carinho e dedica\u00e7\u00e3o\u201d.\u00a0<\/p><p><br \/><strong>Miss\u00e3o, Valores e Servi\u00e7os<\/strong><br \/>A empresa caracteriza-se por manter uma postura familiar, com aten\u00e7\u00e3o ao cliente, moderniza\u00e7\u00e3o constante e foco em qualidade. (santaritaturismo.com.br) Entre seus servi\u00e7os, oferece:<br \/>Fretamento cont\u00ednuo para empresas Fretamento para eventos, excurs\u00f5es tur\u00edsticas, viagens de grupos<br \/>Loca\u00e7\u00e3o de vans e \u00f4nibus para destinos nacionais e regionais Opera\u00e7\u00e3o de transporte de passageiros com conforto, seguran\u00e7a e pontualidade<\/p><p><br \/>A empresa tamb\u00e9m preserva ve\u00edculos antigos como patrim\u00f4nio \u2014 por exemplo, mant\u00e9m exemplares hist\u00f3ricos como o GMC \u201ccoachinho\u201d.\u00a0<\/p>\t\t\t\t\t\t\t\t<\/div>\n\t\t\t\t<\/div>\n\t\t<div class=\"elementor-element elementor-element-09957f4 e-con-full e-flex wpr-particle-no wpr-jarallax-no wpr-parallax-no wpr-sticky-section-no e-con e-child\" data-id=\"09957f4\" data-element_type=\"container\">\n\t\t\t\t<\/div>\n\t\t\t\t\t<\/div>\n\t\t\t\t<\/div>\n\t\t\t\t<\/div>\n\t\t","protected":false},"excerpt":{"rendered":"<p>Voltar para a p\u00e1gina inicial Pr\u00f3ximo artigo Blog | Santa Rita\u00a0 Conhe\u00e7a a Hist\u00f3ria da Turismo Santa Rita\u00a0 Data: 25\/09\/2025 A Turismo Santa Rita Ltda. \u00e9 uma empresa tradicional no segmento de transporte de passageiros, especializando-se em fretamento, turismo e loca\u00e7\u00e3o de \u00f4nibus e vans. Sua trajet\u00f3ria atravessa d\u00e9cadas e reflete uma hist\u00f3ria de paix\u00e3o pelo transporte e comprometimento com o conforto e seguran\u00e7a dos clientes. Origens e Funda\u00e7\u00e3oA hist\u00f3ria da empresa remonta \u00e0 d\u00e9cada de 1960. O fundador, Jer\u00f4nimo Ardito, era filho de um feirante e, desde cedo, ajudava o pai em atividades simples. Aos 18 anos, decidiu tomar seu pr\u00f3prio rumo no mundo dos transportes \u2014 come\u00e7ou operando um t\u00e1xi, mas logo aspirou algo maior.\u00a0 Em abril de 1963, Jer\u00f4nimo adquiriu seu primeiro \u00f4nibus \u2014 um ve\u00edculo antigo, ainda de estilo \u201cjardineira\u201d. Sem experi\u00eancia, ele embarcou no desafio de ter seu pr\u00f3prio neg\u00f3cio de transporte.\u00a0 Com o tempo, acrescentou um segundo ve\u00edculo \u2014 um \u00f4nibus GMC de 1954, com motor embutido \u2014 que viria a ser um marco simb\u00f3lico da empresa. Em 1968, a empresa foi oficialmente registrada com o nome Turismo Santa Rita Ltda., em homenagem \u00e0 devo\u00e7\u00e3o dos fundadores por Santa Rita de C\u00e1ssia. (Instagram) Desenvolvimento e Consolida\u00e7\u00e3oNos primeiros anos, Jer\u00f4nimo acumulava v\u00e1rias fun\u00e7\u00f5es: dirigir, administrar, limpar os ve\u00edculos, fazer manuten\u00e7\u00e3o \u2014 tudo para garantir que o servi\u00e7o n\u00e3o parasse. Ele come\u00e7ou operando contratos de fretamento cont\u00ednuo para ind\u00fastrias, transportando funcion\u00e1rios entre localidades da regi\u00e3o metropolitana de S\u00e3o Paulo.\u00a0\u00a0Com o crescimento progressivo, a empresa investiu em mais \u00f4nibus reservas, evoluiu a frota, e ampliou sua atua\u00e7\u00e3o para fretamentos eventuais, tur\u00edsticos, corporativos e para grupos de viaje.\u00a0 Em 2013, a Turismo Santa Rita celebrou 50 anos de atividades. Em artigo nesse ano, o fundador Jer\u00f4nimo ressaltou que o diferencial sempre foi \u201ccolocar o bem-estar do passageiro em primeiro lugar\u201d e que \u201ctransportar pessoas \u00e9 um ato de carinho e dedica\u00e7\u00e3o\u201d.\u00a0 Miss\u00e3o, Valores e Servi\u00e7osA empresa caracteriza-se por manter uma postura familiar, com aten\u00e7\u00e3o ao cliente, moderniza\u00e7\u00e3o constante e foco em qualidade. (santaritaturismo.com.br) Entre seus servi\u00e7os, oferece:Fretamento cont\u00ednuo para empresas Fretamento para eventos, excurs\u00f5es tur\u00edsticas, viagens de gruposLoca\u00e7\u00e3o de vans e \u00f4nibus para destinos nacionais e regionais Opera\u00e7\u00e3o de transporte de passageiros com conforto, seguran\u00e7a e pontualidade A empresa tamb\u00e9m preserva ve\u00edculos antigos como patrim\u00f4nio \u2014 por exemplo, mant\u00e9m exemplares hist\u00f3ricos como o GMC \u201ccoachinho\u201d.\u00a0<\/p>\n","protected":false},"author":1,"featured_media":0,"parent":0,"menu_order":0,"comment_status":"closed","ping_status":"closed","template":"","meta":{"footnotes":""},"class_list":["post-263","page","type-page","status-publish","hentry"],"_links":{"self":[{"href":"https:\/\/santaritafretamento.com.br\/wp\/wp-json\/wp\/v2\/pages\/263","targetHints":{"allow":["GET"]}}],"collection":[{"href":"https:\/\/santaritafretamento.com.br\/wp\/wp-json\/wp\/v2\/pages"}],"about":[{"href":"https:\/\/santaritafretamento.com.br\/wp\/wp-json\/wp\/v2\/types\/page"}],"author":[{"embeddable":true,"href":"https:\/\/santaritafretamento.com.br\/wp\/wp-json\/wp\/v2\/users\/1"}],"replies":[{"embeddable":true,"href":"https:\/\/santaritafretamento.com.br\/wp\/wp-json\/wp\/v2\/comments?post=263"}],"version-history":[{"count":22,"href":"https:\/\/santaritafretamento.com.br\/wp\/wp-json\/wp\/v2\/pages\/263\/revisions"}],"predecessor-version":[{"id":411,"href":"https:\/\/santaritafretamento.com.br\/wp\/wp-json\/wp\/v2\/pages\/263\/revisions\/411"}],"wp:attachment":[{"href":"https:\/\/santaritafretamento.com.br\/wp\/wp-json\/wp\/v2\/media?parent=263"}],"curies":[{"name":"wp","href":"https:\/\/api.w.org\/{rel}","templated":true}]}}